{"id":2657,"date":"2022-06-27T17:33:32","date_gmt":"2022-06-27T21:33:32","guid":{"rendered":"https:\/\/ec2-3-214-184-111.compute-1.amazonaws.com\/?page_id=2657"},"modified":"2022-07-21T15:01:19","modified_gmt":"2022-07-21T19:01:19","slug":"sobre-nosotros","status":"publish","type":"page","link":"https:\/\/promine.com\/es\/sobre-nosotros\/","title":{"rendered":"Sobre Nosotros"},"content":{"rendered":"\t\t<div data-elementor-type=\"wp-page\" data-elementor-id=\"2657\" class=\"elementor elementor-2657 elementor-73\" data-elementor-post-type=\"page\">\n\t\t\t\t\t\t<section class=\"elementor-section elementor-top-section elementor-element elementor-element-d78a368 elementor-section-items-stretch elementor-section-height-min-height elementor-section-boxed elementor-section-height-default\" data-id=\"d78a368\" data-element_type=\"section\" data-settings=\"{&quot;background_background&quot;:&quot;gradient&quot;}\">\n\t\t\t\t\t\t<div class=\"elementor-container elementor-column-gap-default\">\n\t\t\t\t\t<div class=\"elementor-column elementor-col-50 elementor-top-column elementor-element elementor-element-cf4fc0\" data-id=\"cf4fc0\" data-element_type=\"column\">\n\t\t\t<div class=\"elementor-widget-wrap elementor-element-populated\">\n\t\t\t\t\t\t<div class=\"elementor-element elementor-element-6999b2d0 elementor-widget elementor-widget-heading\" data-id=\"6999b2d0\" data-element_type=\"widget\" data-widget_type=\"heading.default\">\n\t\t\t\t<div class=\"elementor-widget-container\">\n\t\t\t\t\t<h1 class=\"elementor-heading-title elementor-size-default\">Sobre Nosotros<\/h1>\t\t\t\t<\/div>\n\t\t\t\t<\/div>\n\t\t\t\t<div class=\"elementor-element elementor-element-7c813ca6 elementor-widget elementor-widget-text-editor\" data-id=\"7c813ca6\" data-element_type=\"widget\" data-widget_type=\"text-editor.default\">\n\t\t\t\t<div class=\"elementor-widget-container\">\n\t\t\t\t\t\t\t\t\t<div class=\"et_pb_column et_pb_column_3_5 et_pb_column_0 et_pb_css_mix_blend_mode_passthrough\"><div class=\"et_pb_module et_pb_text et_pb_text_0 et_pb_text_align_left et_pb_bg_layout_dark\"><div class=\"et_pb_text_inner\"><p>Conozca la historia y la misi\u00f3n de Promine.<\/p><\/div><\/div><\/div>\t\t\t\t\t\t\t\t<\/div>\n\t\t\t\t<\/div>\n\t\t\t\t\t<\/div>\n\t\t<\/div>\n\t\t\t\t<div class=\"elementor-column elementor-col-50 elementor-top-column elementor-element elementor-element-29f3677d\" data-id=\"29f3677d\" data-element_type=\"column\">\n\t\t\t<div class=\"elementor-widget-wrap\">\n\t\t\t\t\t\t\t<\/div>\n\t\t<\/div>\n\t\t\t\t\t<\/div>\n\t\t<\/section>\n\t\t\t\t<section class=\"elementor-section elementor-top-section elementor-element elementor-element-8cca50a elementor-section-boxed elementor-section-height-default elementor-section-height-default\" data-id=\"8cca50a\" data-element_type=\"section\" data-settings=\"{&quot;background_background&quot;:&quot;classic&quot;}\">\n\t\t\t\t\t\t<div class=\"elementor-container elementor-column-gap-default\">\n\t\t\t\t\t<div class=\"elementor-column elementor-col-100 elementor-top-column elementor-element elementor-element-da15152\" data-id=\"da15152\" data-element_type=\"column\">\n\t\t\t<div class=\"elementor-widget-wrap elementor-element-populated\">\n\t\t\t\t\t\t<div class=\"elementor-element elementor-element-d6b20b3 elementor-widget elementor-widget-heading\" data-id=\"d6b20b3\" data-element_type=\"widget\" data-widget_type=\"heading.default\">\n\t\t\t\t<div class=\"elementor-widget-container\">\n\t\t\t\t\t<h2 class=\"elementor-heading-title elementor-size-default\">Nuestra Historia<\/h2>\t\t\t\t<\/div>\n\t\t\t\t<\/div>\n\t\t\t\t<div class=\"elementor-element elementor-element-e86395c elementor-widget elementor-widget-text-editor\" data-id=\"e86395c\" data-element_type=\"widget\" data-widget_type=\"text-editor.default\">\n\t\t\t\t<div class=\"elementor-widget-container\">\n\t\t\t\t\t\t\t\t\t<p><strong>Promine es un software de miner\u00eda y topograf\u00eda <\/strong><strong>desarrollado por Promine inc.<\/strong> Desde el a\u00f1o 1993, Promine proporciona a las empresas mineras herramientas CAD personalizadas centradas en planificaci\u00f3n, topograf\u00eda y geolog\u00eda de la mina. Dedicada a brindar soluciones para la miner\u00eda diaria, Promine cuenta con una fuerte presencia en Am\u00e9rica del Norte y del Sur.<\/p>\t\t\t\t\t\t\t\t<\/div>\n\t\t\t\t<\/div>\n\t\t\t\t\t<\/div>\n\t\t<\/div>\n\t\t\t\t\t<\/div>\n\t\t<\/section>\n\t\t\t\t<section class=\"elementor-section elementor-top-section elementor-element elementor-element-311fd64a elementor-section-boxed elementor-section-height-default elementor-section-height-default\" data-id=\"311fd64a\" data-element_type=\"section\" data-settings=\"{&quot;background_background&quot;:&quot;classic&quot;}\">\n\t\t\t\t\t\t<div class=\"elementor-container elementor-column-gap-default\">\n\t\t\t\t\t<div class=\"elementor-column elementor-col-100 elementor-top-column elementor-element elementor-element-7dc9463f\" data-id=\"7dc9463f\" data-element_type=\"column\">\n\t\t\t<div class=\"elementor-widget-wrap elementor-element-populated\">\n\t\t\t\t\t\t<div class=\"elementor-element elementor-element-68499731 elementor-widget elementor-widget-heading\" data-id=\"68499731\" data-element_type=\"widget\" data-widget_type=\"heading.default\">\n\t\t\t\t<div class=\"elementor-widget-container\">\n\t\t\t\t\t<h2 class=\"elementor-heading-title elementor-size-default\">El software<\/h2>\t\t\t\t<\/div>\n\t\t\t\t<\/div>\n\t\t\t\t<div class=\"elementor-element elementor-element-369fb429 elementor-widget elementor-widget-text-editor\" data-id=\"369fb429\" data-element_type=\"widget\" data-widget_type=\"text-editor.default\">\n\t\t\t\t<div class=\"elementor-widget-container\">\n\t\t\t\t\t\t\t\t\t<p><strong>Promine debe su \u00e9xito al equipo de expertos <\/strong><strong>apasionados detr\u00e1s del software.<\/strong> Gracias a sus a\u00f1os de experiencia en la industria de la miner\u00eda y la geolog\u00eda, han perfeccionado el software para convertirlo en una herramienta excepcional para las tareas de miner\u00eda, topograf\u00eda y geolog\u00eda.<\/p>\t\t\t\t\t\t\t\t<\/div>\n\t\t\t\t<\/div>\n\t\t\t\t\t<\/div>\n\t\t<\/div>\n\t\t\t\t\t<\/div>\n\t\t<\/section>\n\t\t\t\t<section class=\"elementor-section elementor-top-section elementor-element elementor-element-1d1d8dd elementor-section-height-min-height elementor-section-boxed elementor-section-height-default elementor-section-items-middle\" data-id=\"1d1d8dd\" data-element_type=\"section\" data-settings=\"{&quot;background_background&quot;:&quot;classic&quot;}\">\n\t\t\t\t\t\t<div class=\"elementor-container elementor-column-gap-default\">\n\t\t\t\t\t<div class=\"elementor-column elementor-col-100 elementor-top-column elementor-element elementor-element-fbd7f02\" data-id=\"fbd7f02\" data-element_type=\"column\">\n\t\t\t<div class=\"elementor-widget-wrap elementor-element-populated\">\n\t\t\t\t\t\t<div class=\"elementor-element elementor-element-b16b7c1 elementor-widget elementor-widget-text-editor\" data-id=\"b16b7c1\" data-element_type=\"widget\" data-widget_type=\"text-editor.default\">\n\t\t\t\t<div class=\"elementor-widget-container\">\n\t\t\t\t\t\t\t\t\t<h5><strong>SERVICIO MUNDIAL<\/strong><\/h5>\t\t\t\t\t\t\t\t<\/div>\n\t\t\t\t<\/div>\n\t\t\t\t<div class=\"elementor-element elementor-element-fd2333d elementor-widget elementor-widget-text-editor\" data-id=\"fd2333d\" data-element_type=\"widget\" data-widget_type=\"text-editor.default\">\n\t\t\t\t<div class=\"elementor-widget-container\">\n\t\t\t\t\t\t\t\t\t<div class=\"et_pb_module et_pb_text et_pb_text_5  et_pb_text_align_center et_pb_bg_layout_dark\"><div class=\"et_pb_text_inner\"><h2>Con la confianza de m\u00e1s de 100 sitios mineros<\/h2><\/div><\/div>\t\t\t\t\t\t\t\t<\/div>\n\t\t\t\t<\/div>\n\t\t\t\t<div class=\"elementor-element elementor-element-ee29c4b elementor-widget elementor-widget-text-editor\" data-id=\"ee29c4b\" data-element_type=\"widget\" data-widget_type=\"text-editor.default\">\n\t\t\t\t<div class=\"elementor-widget-container\">\n\t\t\t\t\t\t\t\t\t<p>Con una fuerte presencia en Am\u00e9rica del Norte, Central y del Sur.<\/p><div class=\"et_pb_section et_pb_section_4 et_pb_with_background et_section_regular\"><div class=\"et_pb_with_border et_pb_row et_pb_row_4 et_pb_equal_columns et_pb_gutters2\"><div class=\"et_pb_column et_pb_column_4_4 et_pb_column_5 et_pb_css_mix_blend_mode_passthrough et-last-child\"><div class=\"et_pb_with_border et_pb_module et_pb_text et_pb_text_7 no-bpadding-text et_pb_text_align_left et_pb_bg_layout_light\"><div class=\"et_pb_text_inner\">\u00a0<\/div><\/div><\/div><\/div><\/div>\t\t\t\t\t\t\t\t<\/div>\n\t\t\t\t<\/div>\n\t\t\t\t\t<\/div>\n\t\t<\/div>\n\t\t\t\t\t<\/div>\n\t\t<\/section>\n\t\t\t\t<section class=\"elementor-section elementor-top-section elementor-element elementor-element-768df904 elementor-section-boxed elementor-section-height-default elementor-section-height-default\" data-id=\"768df904\" data-element_type=\"section\" data-settings=\"{&quot;background_background&quot;:&quot;classic&quot;}\">\n\t\t\t\t\t\t<div class=\"elementor-container elementor-column-gap-default\">\n\t\t\t\t\t<div class=\"elementor-column elementor-col-100 elementor-top-column elementor-element elementor-element-71f98314\" data-id=\"71f98314\" data-element_type=\"column\">\n\t\t\t<div class=\"elementor-widget-wrap elementor-element-populated\">\n\t\t\t\t\t\t<div class=\"elementor-element elementor-element-6c5918d8 elementor-widget elementor-widget-heading\" data-id=\"6c5918d8\" data-element_type=\"widget\" data-widget_type=\"heading.default\">\n\t\t\t\t<div class=\"elementor-widget-container\">\n\t\t\t\t\t<h2 class=\"elementor-heading-title elementor-size-default\">Nuestra Misi\u00f3n<\/h2>\t\t\t\t<\/div>\n\t\t\t\t<\/div>\n\t\t\t\t<div class=\"elementor-element elementor-element-3fd2647f elementor-widget elementor-widget-text-editor\" data-id=\"3fd2647f\" data-element_type=\"widget\" data-widget_type=\"text-editor.default\">\n\t\t\t\t<div class=\"elementor-widget-container\">\n\t\t\t\t\t\t\t\t\t<p><strong>Nuestra misi\u00f3n es ayudar a nuestros clientes a ser m\u00e1s eficientes y rentables en unos pocos clics con <\/strong><strong>un software f\u00e1cil de usar.<\/strong><\/p><p>Para ello, desarrollamos un software de miner\u00eda, topograf\u00eda y geolog\u00eda f\u00e1cil de utilizar gracias a nuestra amplia experiencia en miner\u00eda y a nuestra comprensi\u00f3n de los retos del sector. En Promine, nos esforzamos por ofrecer un servicio al cliente excepcional a nuestros clientes para garantizar que sus operaciones funcionen de la manera m\u00e1s fluida y eficiente posible.<\/p>\t\t\t\t\t\t\t\t<\/div>\n\t\t\t\t<\/div>\n\t\t\t\t\t<\/div>\n\t\t<\/div>\n\t\t\t\t\t<\/div>\n\t\t<\/section>\n\t\t\t\t<\/div>\n\t\t","protected":false},"excerpt":{"rendered":"<p>Sobre Nosotros Conozca la historia y la misi\u00f3n de Promine. Nuestra Historia Promine es un software de miner\u00eda y topograf\u00eda desarrollado por Promine inc. Desde el a\u00f1o 1993, Promine proporciona a las empresas mineras herramientas CAD personalizadas centradas en planificaci\u00f3n, topograf\u00eda y geolog\u00eda de la mina. Dedicada a brindar soluciones para la miner\u00eda diaria, Promine [&hellip;]<\/p>\n","protected":false},"author":1,"featured_media":11034,"parent":0,"menu_order":0,"comment_status":"closed","ping_status":"closed","template":"","meta":{"_acf_changed":false,"footnotes":""},"class_list":["post-2657","page","type-page","status-publish","has-post-thumbnail","hentry"],"acf":[],"yoast_head":"<!-- This site is optimized with the Yoast SEO plugin v24.0 - https:\/\/yoast.com\/wordpress\/plugins\/seo\/ -->\n<title>Sobre Nosotros - Promine<\/title>\n<meta name=\"robots\" content=\"index, follow, max-snippet:-1, max-image-preview:large, max-video-preview:-1\" \/>\n<link rel=\"canonical\" href=\"https:\/\/promine.com\/es\/sobre-nosotros\/\" \/>\n<meta property=\"og:locale\" content=\"es_ES\" \/>\n<meta property=\"og:type\" content=\"article\" \/>\n<meta property=\"og:title\" content=\"Sobre Nosotros - Promine\" \/>\n<meta property=\"og:description\" content=\"Sobre Nosotros Conozca la historia y la misi\u00f3n de Promine. Nuestra Historia Promine es un software de miner\u00eda y topograf\u00eda desarrollado por Promine inc. Desde el a\u00f1o 1993, Promine proporciona a las empresas mineras herramientas CAD personalizadas centradas en planificaci\u00f3n, topograf\u00eda y geolog\u00eda de la mina. Dedicada a brindar soluciones para la miner\u00eda diaria, Promine [&hellip;]\" \/>\n<meta property=\"og:url\" content=\"https:\/\/promine.com\/es\/sobre-nosotros\/\" \/>\n<meta property=\"og:site_name\" content=\"Promine\" \/>\n<meta property=\"article:publisher\" content=\"https:\/\/www.facebook.com\/promineinc\/\" \/>\n<meta property=\"article:modified_time\" content=\"2022-07-21T19:01:19+00:00\" \/>\n<meta property=\"og:image\" content=\"https:\/\/ec2-98-83-212-146.compute-1.amazonaws.com\/wp-content\/uploads\/2022\/10\/M-promine.png\" \/>\n\t<meta property=\"og:image:width\" content=\"93\" \/>\n\t<meta property=\"og:image:height\" content=\"92\" \/>\n\t<meta property=\"og:image:type\" content=\"image\/png\" \/>\n<meta name=\"twitter:card\" content=\"summary_large_image\" \/>\n<meta name=\"twitter:label1\" content=\"Tiempo de lectura\" \/>\n\t<meta name=\"twitter:data1\" content=\"1 minuto\" \/>\n<script type=\"application\/ld+json\" class=\"yoast-schema-graph\">{\"@context\":\"https:\/\/schema.org\",\"@graph\":[{\"@type\":\"WebPage\",\"@id\":\"https:\/\/promine.com\/es\/sobre-nosotros\/\",\"url\":\"https:\/\/promine.com\/es\/sobre-nosotros\/\",\"name\":\"Sobre Nosotros - Promine\",\"isPartOf\":{\"@id\":\"https:\/\/www.promine.com\/es\/#website\"},\"primaryImageOfPage\":{\"@id\":\"https:\/\/promine.com\/es\/sobre-nosotros\/#primaryimage\"},\"image\":{\"@id\":\"https:\/\/promine.com\/es\/sobre-nosotros\/#primaryimage\"},\"thumbnailUrl\":\"https:\/\/promine.com\/wp-content\/uploads\/2022\/10\/M-promine.png\",\"datePublished\":\"2022-06-27T21:33:32+00:00\",\"dateModified\":\"2022-07-21T19:01:19+00:00\",\"breadcrumb\":{\"@id\":\"https:\/\/promine.com\/es\/sobre-nosotros\/#breadcrumb\"},\"inLanguage\":\"es\",\"potentialAction\":[{\"@type\":\"ReadAction\",\"target\":[\"https:\/\/promine.com\/es\/sobre-nosotros\/\"]}]},{\"@type\":\"ImageObject\",\"inLanguage\":\"es\",\"@id\":\"https:\/\/promine.com\/es\/sobre-nosotros\/#primaryimage\",\"url\":\"https:\/\/promine.com\/wp-content\/uploads\/2022\/10\/M-promine.png\",\"contentUrl\":\"https:\/\/promine.com\/wp-content\/uploads\/2022\/10\/M-promine.png\",\"width\":93,\"height\":92,\"caption\":\"Promine - Logo \\\"M\\\"\"},{\"@type\":\"BreadcrumbList\",\"@id\":\"https:\/\/promine.com\/es\/sobre-nosotros\/#breadcrumb\",\"itemListElement\":[{\"@type\":\"ListItem\",\"position\":1,\"name\":\"Home\",\"item\":\"https:\/\/98.83.212.146\/es\/\"},{\"@type\":\"ListItem\",\"position\":2,\"name\":\"Sobre Nosotros\"}]},{\"@type\":\"WebSite\",\"@id\":\"https:\/\/www.promine.com\/es\/#website\",\"url\":\"https:\/\/www.promine.com\/es\/\",\"name\":\"Promine\",\"description\":\"Solutions for Everyday Mining\",\"publisher\":{\"@id\":\"https:\/\/www.promine.com\/es\/#organization\"},\"potentialAction\":[{\"@type\":\"SearchAction\",\"target\":{\"@type\":\"EntryPoint\",\"urlTemplate\":\"https:\/\/www.promine.com\/es\/?s={search_term_string}\"},\"query-input\":{\"@type\":\"PropertyValueSpecification\",\"valueRequired\":true,\"valueName\":\"search_term_string\"}}],\"inLanguage\":\"es\"},{\"@type\":\"Organization\",\"@id\":\"https:\/\/www.promine.com\/es\/#organization\",\"name\":\"Promine\",\"url\":\"https:\/\/www.promine.com\/es\/\",\"logo\":{\"@type\":\"ImageObject\",\"inLanguage\":\"es\",\"@id\":\"https:\/\/www.promine.com\/es\/#\/schema\/logo\/image\/\",\"url\":\"https:\/\/promine.com\/wp-content\/uploads\/2022\/06\/Promine_Solo_Original_PNG.png\",\"contentUrl\":\"https:\/\/promine.com\/wp-content\/uploads\/2022\/06\/Promine_Solo_Original_PNG.png\",\"width\":3576,\"height\":407,\"caption\":\"Promine\"},\"image\":{\"@id\":\"https:\/\/www.promine.com\/es\/#\/schema\/logo\/image\/\"},\"sameAs\":[\"https:\/\/www.facebook.com\/promineinc\/\"]}]}<\/script>\n<!-- \/ Yoast SEO plugin. -->","yoast_head_json":{"title":"Sobre Nosotros - Promine","robots":{"index":"index","follow":"follow","max-snippet":"max-snippet:-1","max-image-preview":"max-image-preview:large","max-video-preview":"max-video-preview:-1"},"canonical":"https:\/\/promine.com\/es\/sobre-nosotros\/","og_locale":"es_ES","og_type":"article","og_title":"Sobre Nosotros - Promine","og_description":"Sobre Nosotros Conozca la historia y la misi\u00f3n de Promine. Nuestra Historia Promine es un software de miner\u00eda y topograf\u00eda desarrollado por Promine inc. Desde el a\u00f1o 1993, Promine proporciona a las empresas mineras herramientas CAD personalizadas centradas en planificaci\u00f3n, topograf\u00eda y geolog\u00eda de la mina. Dedicada a brindar soluciones para la miner\u00eda diaria, Promine [&hellip;]","og_url":"https:\/\/promine.com\/es\/sobre-nosotros\/","og_site_name":"Promine","article_publisher":"https:\/\/www.facebook.com\/promineinc\/","article_modified_time":"2022-07-21T19:01:19+00:00","og_image":[{"width":93,"height":92,"url":"https:\/\/ec2-98-83-212-146.compute-1.amazonaws.com\/wp-content\/uploads\/2022\/10\/M-promine.png","type":"image\/png"}],"twitter_card":"summary_large_image","twitter_misc":{"Tiempo de lectura":"1 minuto"},"schema":{"@context":"https:\/\/schema.org","@graph":[{"@type":"WebPage","@id":"https:\/\/promine.com\/es\/sobre-nosotros\/","url":"https:\/\/promine.com\/es\/sobre-nosotros\/","name":"Sobre Nosotros - Promine","isPartOf":{"@id":"https:\/\/www.promine.com\/es\/#website"},"primaryImageOfPage":{"@id":"https:\/\/promine.com\/es\/sobre-nosotros\/#primaryimage"},"image":{"@id":"https:\/\/promine.com\/es\/sobre-nosotros\/#primaryimage"},"thumbnailUrl":"https:\/\/promine.com\/wp-content\/uploads\/2022\/10\/M-promine.png","datePublished":"2022-06-27T21:33:32+00:00","dateModified":"2022-07-21T19:01:19+00:00","breadcrumb":{"@id":"https:\/\/promine.com\/es\/sobre-nosotros\/#breadcrumb"},"inLanguage":"es","potentialAction":[{"@type":"ReadAction","target":["https:\/\/promine.com\/es\/sobre-nosotros\/"]}]},{"@type":"ImageObject","inLanguage":"es","@id":"https:\/\/promine.com\/es\/sobre-nosotros\/#primaryimage","url":"https:\/\/promine.com\/wp-content\/uploads\/2022\/10\/M-promine.png","contentUrl":"https:\/\/promine.com\/wp-content\/uploads\/2022\/10\/M-promine.png","width":93,"height":92,"caption":"Promine - Logo \"M\""},{"@type":"BreadcrumbList","@id":"https:\/\/promine.com\/es\/sobre-nosotros\/#breadcrumb","itemListElement":[{"@type":"ListItem","position":1,"name":"Home","item":"https:\/\/98.83.212.146\/es\/"},{"@type":"ListItem","position":2,"name":"Sobre Nosotros"}]},{"@type":"WebSite","@id":"https:\/\/www.promine.com\/es\/#website","url":"https:\/\/www.promine.com\/es\/","name":"Promine","description":"Solutions for Everyday Mining","publisher":{"@id":"https:\/\/www.promine.com\/es\/#organization"},"potentialAction":[{"@type":"SearchAction","target":{"@type":"EntryPoint","urlTemplate":"https:\/\/www.promine.com\/es\/?s={search_term_string}"},"query-input":{"@type":"PropertyValueSpecification","valueRequired":true,"valueName":"search_term_string"}}],"inLanguage":"es"},{"@type":"Organization","@id":"https:\/\/www.promine.com\/es\/#organization","name":"Promine","url":"https:\/\/www.promine.com\/es\/","logo":{"@type":"ImageObject","inLanguage":"es","@id":"https:\/\/www.promine.com\/es\/#\/schema\/logo\/image\/","url":"https:\/\/promine.com\/wp-content\/uploads\/2022\/06\/Promine_Solo_Original_PNG.png","contentUrl":"https:\/\/promine.com\/wp-content\/uploads\/2022\/06\/Promine_Solo_Original_PNG.png","width":3576,"height":407,"caption":"Promine"},"image":{"@id":"https:\/\/www.promine.com\/es\/#\/schema\/logo\/image\/"},"sameAs":["https:\/\/www.facebook.com\/promineinc\/"]}]}},"_links":{"self":[{"href":"https:\/\/promine.com\/es\/wp-json\/wp\/v2\/pages\/2657","targetHints":{"allow":["GET"]}}],"collection":[{"href":"https:\/\/promine.com\/es\/wp-json\/wp\/v2\/pages"}],"about":[{"href":"https:\/\/promine.com\/es\/wp-json\/wp\/v2\/types\/page"}],"author":[{"embeddable":true,"href":"https:\/\/promine.com\/es\/wp-json\/wp\/v2\/users\/1"}],"replies":[{"embeddable":true,"href":"https:\/\/promine.com\/es\/wp-json\/wp\/v2\/comments?post=2657"}],"version-history":[{"count":7,"href":"https:\/\/promine.com\/es\/wp-json\/wp\/v2\/pages\/2657\/revisions"}],"predecessor-version":[{"id":2892,"href":"https:\/\/promine.com\/es\/wp-json\/wp\/v2\/pages\/2657\/revisions\/2892"}],"wp:featuredmedia":[{"embeddable":true,"href":"https:\/\/promine.com\/es\/wp-json\/wp\/v2\/media\/11034"}],"wp:attachment":[{"href":"https:\/\/promine.com\/es\/wp-json\/wp\/v2\/media?parent=2657"}],"curies":[{"name":"wp","href":"https:\/\/api.w.org\/{rel}","templated":true}]}}