{"id":2914,"date":"2022-07-05T22:26:24","date_gmt":"2022-07-06T02:26:24","guid":{"rendered":"https:\/\/ec2-3-214-184-111.compute-1.amazonaws.com\/?page_id=2914"},"modified":"2022-07-21T15:28:08","modified_gmt":"2022-07-21T19:28:08","slug":"terminos-de-servicio","status":"publish","type":"page","link":"https:\/\/promine.com\/es\/sobre-nosotros\/preguntas-frecuentes\/terminos-de-servicio\/","title":{"rendered":"T\u00e9rminos de Servicio"},"content":{"rendered":"\t\t<div data-elementor-type=\"wp-page\" data-elementor-id=\"2914\" class=\"elementor elementor-2914 elementor-949\" data-elementor-post-type=\"page\">\n\t\t\t\t\t\t<section class=\"elementor-section elementor-top-section elementor-element elementor-element-b5c0be6 elementor-section-items-stretch elementor-section-height-min-height elementor-section-boxed elementor-section-height-default\" data-id=\"b5c0be6\" data-element_type=\"section\" data-settings=\"{&quot;background_background&quot;:&quot;gradient&quot;}\">\n\t\t\t\t\t\t<div class=\"elementor-container elementor-column-gap-default\">\n\t\t\t\t\t<div class=\"elementor-column elementor-col-50 elementor-top-column elementor-element elementor-element-41f7e0bb\" data-id=\"41f7e0bb\" data-element_type=\"column\">\n\t\t\t<div class=\"elementor-widget-wrap elementor-element-populated\">\n\t\t\t\t\t\t<div class=\"elementor-element elementor-element-43a5ea6b elementor-widget elementor-widget-heading\" data-id=\"43a5ea6b\" data-element_type=\"widget\" data-widget_type=\"heading.default\">\n\t\t\t\t<div class=\"elementor-widget-container\">\n\t\t\t\t\t<h1 class=\"elementor-heading-title elementor-size-default\">Condiciones de Uso y Pol\u00edtica de Privacidad<\/h1>\t\t\t\t<\/div>\n\t\t\t\t<\/div>\n\t\t\t\t\t<\/div>\n\t\t<\/div>\n\t\t\t\t<div class=\"elementor-column elementor-col-50 elementor-top-column elementor-element elementor-element-69598c4f\" data-id=\"69598c4f\" data-element_type=\"column\">\n\t\t\t<div class=\"elementor-widget-wrap\">\n\t\t\t\t\t\t\t<\/div>\n\t\t<\/div>\n\t\t\t\t\t<\/div>\n\t\t<\/section>\n\t\t\t\t<section class=\"elementor-section elementor-top-section elementor-element elementor-element-5fc608 elementor-section-boxed elementor-section-height-default elementor-section-height-default\" data-id=\"5fc608\" data-element_type=\"section\">\n\t\t\t\t\t\t<div class=\"elementor-container elementor-column-gap-default\">\n\t\t\t\t\t<div class=\"elementor-column elementor-col-100 elementor-top-column elementor-element elementor-element-49e6318e\" data-id=\"49e6318e\" data-element_type=\"column\">\n\t\t\t<div class=\"elementor-widget-wrap elementor-element-populated\">\n\t\t\t\t\t\t<div class=\"elementor-element elementor-element-6ca08d41 elementor-widget elementor-widget-heading\" data-id=\"6ca08d41\" data-element_type=\"widget\" data-widget_type=\"heading.default\">\n\t\t\t\t<div class=\"elementor-widget-container\">\n\t\t\t\t\t<h2 class=\"elementor-heading-title elementor-size-default\">Condiciones de uso<\/h2>\t\t\t\t<\/div>\n\t\t\t\t<\/div>\n\t\t\t\t<div class=\"elementor-element elementor-element-2412407e elementor-widget elementor-widget-text-editor\" data-id=\"2412407e\" data-element_type=\"widget\" data-widget_type=\"text-editor.default\">\n\t\t\t\t<div class=\"elementor-widget-container\">\n\t\t\t\t\t\t\t\t\t<p>Al usar este sitio, usted significa su aceptaci\u00f3n de esta pol\u00edtica. Si no est\u00e1 de acuerdo con esta pol\u00edtica, por favor no utilice nuestro sitio. Su uso continuado del sitio despu\u00e9s de la publicaci\u00f3n de cambios a esta pol\u00edtica se considerar\u00e1 su aceptaci\u00f3n de esos cambios.<\/p>\t\t\t\t\t\t\t\t<\/div>\n\t\t\t\t<\/div>\n\t\t\t\t\t<\/div>\n\t\t<\/div>\n\t\t\t\t\t<\/div>\n\t\t<\/section>\n\t\t\t\t<section class=\"elementor-section elementor-top-section elementor-element elementor-element-b641ba elementor-section-boxed elementor-section-height-default elementor-section-height-default\" data-id=\"b641ba\" data-element_type=\"section\">\n\t\t\t\t\t\t<div class=\"elementor-container elementor-column-gap-default\">\n\t\t\t\t\t<div class=\"elementor-column elementor-col-100 elementor-top-column elementor-element elementor-element-48e104ee\" data-id=\"48e104ee\" data-element_type=\"column\">\n\t\t\t<div class=\"elementor-widget-wrap elementor-element-populated\">\n\t\t\t\t\t\t<div class=\"elementor-element elementor-element-165669a2 elementor-widget elementor-widget-toggle\" data-id=\"165669a2\" data-element_type=\"widget\" data-widget_type=\"toggle.default\">\n\t\t\t\t<div class=\"elementor-widget-container\">\n\t\t\t\t\t\t\t<div class=\"elementor-toggle\">\n\t\t\t\t\t\t\t<div class=\"elementor-toggle-item\">\n\t\t\t\t\t<div id=\"elementor-tab-title-3741\" class=\"elementor-tab-title\" data-tab=\"1\" role=\"button\" aria-controls=\"elementor-tab-content-3741\" aria-expanded=\"false\">\n\t\t\t\t\t\t\t\t\t\t\t\t<span class=\"elementor-toggle-icon elementor-toggle-icon-left\" aria-hidden=\"true\">\n\t\t\t\t\t\t\t\t\t\t\t\t\t\t\t<span class=\"elementor-toggle-icon-closed\"><i class=\"fas fa-caret-square-down\"><\/i><\/span>\n\t\t\t\t\t\t\t\t<span class=\"elementor-toggle-icon-opened\"><i class=\"elementor-toggle-icon-opened far fa-caret-square-up\"><\/i><\/span>\n\t\t\t\t\t\t\t\t\t\t\t\t\t<\/span>\n\t\t\t\t\t\t\t\t\t\t\t\t<a class=\"elementor-toggle-title\" tabindex=\"0\">\u00bfQu\u00e9 informaci\u00f3n recopilamos?<\/a>\n\t\t\t\t\t<\/div>\n\n\t\t\t\t\t<div id=\"elementor-tab-content-3741\" class=\"elementor-tab-content elementor-clearfix\" data-tab=\"1\" role=\"region\" aria-labelledby=\"elementor-tab-title-3741\"><p>Recopilamos su informaci\u00f3n cuando realiza un pedido o rellena un formulario. <br \/>Al realizar un pedido o registrarse en nuestro sitio, seg\u00fan corresponda, es posible que se le solicite que introduzca su: Nombre, direcci\u00f3n de correo electr\u00f3nico, direcci\u00f3n postal o n\u00famero de tel\u00e9fono. Sin embargo, usted puede visitar nuestro sitio de forma an\u00f3nima.<\/p><\/div>\n\t\t\t\t<\/div>\n\t\t\t\t\t\t\t<div class=\"elementor-toggle-item\">\n\t\t\t\t\t<div id=\"elementor-tab-title-3742\" class=\"elementor-tab-title\" data-tab=\"2\" role=\"button\" aria-controls=\"elementor-tab-content-3742\" aria-expanded=\"false\">\n\t\t\t\t\t\t\t\t\t\t\t\t<span class=\"elementor-toggle-icon elementor-toggle-icon-left\" aria-hidden=\"true\">\n\t\t\t\t\t\t\t\t\t\t\t\t\t\t\t<span class=\"elementor-toggle-icon-closed\"><i class=\"fas fa-caret-square-down\"><\/i><\/span>\n\t\t\t\t\t\t\t\t<span class=\"elementor-toggle-icon-opened\"><i class=\"elementor-toggle-icon-opened far fa-caret-square-up\"><\/i><\/span>\n\t\t\t\t\t\t\t\t\t\t\t\t\t<\/span>\n\t\t\t\t\t\t\t\t\t\t\t\t<a class=\"elementor-toggle-title\" tabindex=\"0\">\u00bfPara qu\u00e9 utilizamos su informaci\u00f3n?<\/a>\n\t\t\t\t\t<\/div>\n\n\t\t\t\t\t<div id=\"elementor-tab-content-3742\" class=\"elementor-tab-content elementor-clearfix\" data-tab=\"2\" role=\"region\" aria-labelledby=\"elementor-tab-title-3742\"><p><strong>La informaci\u00f3n que recopilemos de usted puede ser utilizada en una de las siguientes formas:<\/strong><\/p><ul><li><strong>Para personalizar su experiencia<\/strong><br \/>Su informaci\u00f3n nos ayuda a responder mejor a sus necesidades individuales.<\/li><li><strong>Para mejorar nuestro sitio web<\/strong><br \/>Nos esforzamos continuamente por mejorar las ofertas de nuestro sitio web en funci\u00f3n de la informaci\u00f3n y los comentarios que recibimos de usted.<\/li><li><strong>Para mejorar el servicio al cliente<\/strong><br \/>Su informaci\u00f3n nos ayuda a responder de manera m\u00e1s efectiva a sus solicitudes de servicio al cliente y necesidades de soporte.<\/li><li><strong>Para procesar las transacciones<\/strong><br \/>Su informaci\u00f3n, ya sea p\u00fablica o privada, no se vender\u00e1, intercambiar\u00e1, transferir\u00e1 ni dar\u00e1 a ninguna otra empresa por ning\u00fan motivo, sin su consentimiento, salvo con el prop\u00f3sito expreso de entregar el producto adquirido o el servicio solicitado.<\/li><li><strong>Para enviar correos electr\u00f3nicos peri\u00f3dicos<\/strong><br \/>La direcci\u00f3n de correo electr\u00f3nico que proporcione para el procesamiento de pedidos solo se utilizar\u00e1 para enviarle informaci\u00f3n y actualizaciones relacionadas con su pedido.<\/li><\/ul><\/div>\n\t\t\t\t<\/div>\n\t\t\t\t\t\t\t<div class=\"elementor-toggle-item\">\n\t\t\t\t\t<div id=\"elementor-tab-title-3743\" class=\"elementor-tab-title\" data-tab=\"3\" role=\"button\" aria-controls=\"elementor-tab-content-3743\" aria-expanded=\"false\">\n\t\t\t\t\t\t\t\t\t\t\t\t<span class=\"elementor-toggle-icon elementor-toggle-icon-left\" aria-hidden=\"true\">\n\t\t\t\t\t\t\t\t\t\t\t\t\t\t\t<span class=\"elementor-toggle-icon-closed\"><i class=\"fas fa-caret-square-down\"><\/i><\/span>\n\t\t\t\t\t\t\t\t<span class=\"elementor-toggle-icon-opened\"><i class=\"elementor-toggle-icon-opened far fa-caret-square-up\"><\/i><\/span>\n\t\t\t\t\t\t\t\t\t\t\t\t\t<\/span>\n\t\t\t\t\t\t\t\t\t\t\t\t<a class=\"elementor-toggle-title\" tabindex=\"0\">\u00bfUsamos cookies?<\/a>\n\t\t\t\t\t<\/div>\n\n\t\t\t\t\t<div id=\"elementor-tab-content-3743\" class=\"elementor-tab-content elementor-clearfix\" data-tab=\"3\" role=\"region\" aria-labelledby=\"elementor-tab-title-3743\"><div class=\"et_pb_module et_pb_toggle et_pb_toggle_2 et_pb_toggle_item et_pb_text_align_left et_pb_toggle_open\"><div class=\"et_pb_toggle_content clearfix\"><p>Utilizamos cookies.<\/p><\/div><\/div><\/div>\n\t\t\t\t<\/div>\n\t\t\t\t\t\t\t<div class=\"elementor-toggle-item\">\n\t\t\t\t\t<div id=\"elementor-tab-title-3744\" class=\"elementor-tab-title\" data-tab=\"4\" role=\"button\" aria-controls=\"elementor-tab-content-3744\" aria-expanded=\"false\">\n\t\t\t\t\t\t\t\t\t\t\t\t<span class=\"elementor-toggle-icon elementor-toggle-icon-left\" aria-hidden=\"true\">\n\t\t\t\t\t\t\t\t\t\t\t\t\t\t\t<span class=\"elementor-toggle-icon-closed\"><i class=\"fas fa-caret-square-down\"><\/i><\/span>\n\t\t\t\t\t\t\t\t<span class=\"elementor-toggle-icon-opened\"><i class=\"elementor-toggle-icon-opened far fa-caret-square-up\"><\/i><\/span>\n\t\t\t\t\t\t\t\t\t\t\t\t\t<\/span>\n\t\t\t\t\t\t\t\t\t\t\t\t<a class=\"elementor-toggle-title\" tabindex=\"0\">\u00bfDivulgamos alguna informaci\u00f3n a las partes externas?<\/a>\n\t\t\t\t\t<\/div>\n\n\t\t\t\t\t<div id=\"elementor-tab-content-3744\" class=\"elementor-tab-content elementor-clearfix\" data-tab=\"4\" role=\"region\" aria-labelledby=\"elementor-tab-title-3744\"><p>No vendemos, comerciamos ni transferimos de ninguna otra forma su informaci\u00f3n personal identificable a terceros. Esto no incluye a terceros de confianza que nos ayuden a operar nuestro sitio web, realizar nuestro negocio o prestarle servicios, siempre que estas partes acepten mantener esta informaci\u00f3n confidencial. Tambi\u00e9n podemos divulgar su informaci\u00f3n cuando creamos que esta sea apropiada para cumplir con la ley, hacer cumplir nuestras pol\u00edticas del sitio, proteger nuestros derechos o los de otros y la propiedad, o por razones de seguridad. Sin embargo, la informaci\u00f3n no identificable personalmente del visitante puede ser proporcionada a otras partes para la comercializaci\u00f3n, la publicidad, u otros usos.<\/p><\/div>\n\t\t\t\t<\/div>\n\t\t\t\t\t\t\t<div class=\"elementor-toggle-item\">\n\t\t\t\t\t<div id=\"elementor-tab-title-3745\" class=\"elementor-tab-title\" data-tab=\"5\" role=\"button\" aria-controls=\"elementor-tab-content-3745\" aria-expanded=\"false\">\n\t\t\t\t\t\t\t\t\t\t\t\t<span class=\"elementor-toggle-icon elementor-toggle-icon-left\" aria-hidden=\"true\">\n\t\t\t\t\t\t\t\t\t\t\t\t\t\t\t<span class=\"elementor-toggle-icon-closed\"><i class=\"fas fa-caret-square-down\"><\/i><\/span>\n\t\t\t\t\t\t\t\t<span class=\"elementor-toggle-icon-opened\"><i class=\"elementor-toggle-icon-opened far fa-caret-square-up\"><\/i><\/span>\n\t\t\t\t\t\t\t\t\t\t\t\t\t<\/span>\n\t\t\t\t\t\t\t\t\t\t\t\t<a class=\"elementor-toggle-title\" tabindex=\"0\">Cambios en nuestra Pol\u00edtica de Privacidad<\/a>\n\t\t\t\t\t<\/div>\n\n\t\t\t\t\t<div id=\"elementor-tab-content-3745\" class=\"elementor-tab-content elementor-clearfix\" data-tab=\"5\" role=\"region\" aria-labelledby=\"elementor-tab-title-3745\"><div class=\"et_pb_module et_pb_toggle et_pb_toggle_2 et_pb_toggle_item et_pb_text_align_left et_pb_toggle_open\"><div class=\"et_pb_toggle_content clearfix\"><p>Si decidimos cambiar nuestra pol\u00edtica de privacidad, publicaremos esos cambios en esta p\u00e1gina.<\/p><\/div><\/div><\/div>\n\t\t\t\t<\/div>\n\t\t\t\t\t\t\t\t<\/div>\n\t\t\t\t\t\t<\/div>\n\t\t\t\t<\/div>\n\t\t\t\t\t<\/div>\n\t\t<\/div>\n\t\t\t\t\t<\/div>\n\t\t<\/section>\n\t\t\t\t<\/div>\n\t\t","protected":false},"excerpt":{"rendered":"<p>Condiciones de Uso y Pol\u00edtica de Privacidad Condiciones de uso Al usar este sitio, usted significa su aceptaci\u00f3n de esta pol\u00edtica. Si no est\u00e1 de acuerdo con esta pol\u00edtica, por favor no utilice nuestro sitio. Su uso continuado del sitio despu\u00e9s de la publicaci\u00f3n de cambios a esta pol\u00edtica se considerar\u00e1 su aceptaci\u00f3n de esos [&hellip;]<\/p>\n","protected":false},"author":3,"featured_media":0,"parent":2901,"menu_order":1,"comment_status":"closed","ping_status":"closed","template":"","meta":{"_acf_changed":false,"footnotes":""},"class_list":["post-2914","page","type-page","status-publish","hentry"],"acf":[],"yoast_head":"<!-- This site is optimized with the Yoast SEO plugin v24.0 - https:\/\/yoast.com\/wordpress\/plugins\/seo\/ -->\n<title>T\u00e9rminos de Servicio - Promine<\/title>\n<meta name=\"robots\" content=\"noindex, nofollow\" \/>\n<meta property=\"og:locale\" content=\"es_ES\" \/>\n<meta property=\"og:type\" content=\"article\" \/>\n<meta property=\"og:title\" content=\"T\u00e9rminos de Servicio - Promine\" \/>\n<meta property=\"og:description\" content=\"Condiciones de Uso y Pol\u00edtica de Privacidad Condiciones de uso Al usar este sitio, usted significa su aceptaci\u00f3n de esta pol\u00edtica. Si no est\u00e1 de acuerdo con esta pol\u00edtica, por favor no utilice nuestro sitio. Su uso continuado del sitio despu\u00e9s de la publicaci\u00f3n de cambios a esta pol\u00edtica se considerar\u00e1 su aceptaci\u00f3n de esos [&hellip;]\" \/>\n<meta property=\"og:url\" content=\"https:\/\/promine.com\/es\/sobre-nosotros\/preguntas-frecuentes\/terminos-de-servicio\/\" \/>\n<meta property=\"og:site_name\" content=\"Promine\" \/>\n<meta property=\"article:publisher\" content=\"https:\/\/www.facebook.com\/promineinc\/\" \/>\n<meta property=\"article:modified_time\" content=\"2022-07-21T19:28:08+00:00\" \/>\n<meta name=\"twitter:card\" content=\"summary_large_image\" \/>\n<meta name=\"twitter:label1\" content=\"Tiempo de lectura\" \/>\n\t<meta name=\"twitter:data1\" content=\"2 minutos\" \/>\n<script type=\"application\/ld+json\" class=\"yoast-schema-graph\">{\"@context\":\"https:\/\/schema.org\",\"@graph\":[{\"@type\":\"WebPage\",\"@id\":\"https:\/\/promine.com\/es\/sobre-nosotros\/preguntas-frecuentes\/terminos-de-servicio\/\",\"url\":\"https:\/\/promine.com\/es\/sobre-nosotros\/preguntas-frecuentes\/terminos-de-servicio\/\",\"name\":\"T\u00e9rminos de Servicio - Promine\",\"isPartOf\":{\"@id\":\"https:\/\/www.promine.com\/es\/#website\"},\"datePublished\":\"2022-07-06T02:26:24+00:00\",\"dateModified\":\"2022-07-21T19:28:08+00:00\",\"breadcrumb\":{\"@id\":\"https:\/\/promine.com\/es\/sobre-nosotros\/preguntas-frecuentes\/terminos-de-servicio\/#breadcrumb\"},\"inLanguage\":\"es\",\"potentialAction\":[{\"@type\":\"ReadAction\",\"target\":[\"https:\/\/promine.com\/es\/sobre-nosotros\/preguntas-frecuentes\/terminos-de-servicio\/\"]}]},{\"@type\":\"BreadcrumbList\",\"@id\":\"https:\/\/promine.com\/es\/sobre-nosotros\/preguntas-frecuentes\/terminos-de-servicio\/#breadcrumb\",\"itemListElement\":[{\"@type\":\"ListItem\",\"position\":1,\"name\":\"Home\",\"item\":\"https:\/\/98.83.212.146\/es\/\"},{\"@type\":\"ListItem\",\"position\":2,\"name\":\"Sobre Nosotros\",\"item\":\"https:\/\/ec2-98-83-212-146.compute-1.amazonaws.com\/es\/sobre-nosotros\/\"},{\"@type\":\"ListItem\",\"position\":3,\"name\":\"Preguntas Frecuentes\",\"item\":\"https:\/\/ec2-98-83-212-146.compute-1.amazonaws.com\/es\/sobre-nosotros\/preguntas-frecuentes\/\"},{\"@type\":\"ListItem\",\"position\":4,\"name\":\"T\u00e9rminos de Servicio\"}]},{\"@type\":\"WebSite\",\"@id\":\"https:\/\/www.promine.com\/es\/#website\",\"url\":\"https:\/\/www.promine.com\/es\/\",\"name\":\"Promine\",\"description\":\"Solutions for Everyday Mining\",\"publisher\":{\"@id\":\"https:\/\/www.promine.com\/es\/#organization\"},\"potentialAction\":[{\"@type\":\"SearchAction\",\"target\":{\"@type\":\"EntryPoint\",\"urlTemplate\":\"https:\/\/www.promine.com\/es\/?s={search_term_string}\"},\"query-input\":{\"@type\":\"PropertyValueSpecification\",\"valueRequired\":true,\"valueName\":\"search_term_string\"}}],\"inLanguage\":\"es\"},{\"@type\":\"Organization\",\"@id\":\"https:\/\/www.promine.com\/es\/#organization\",\"name\":\"Promine\",\"url\":\"https:\/\/www.promine.com\/es\/\",\"logo\":{\"@type\":\"ImageObject\",\"inLanguage\":\"es\",\"@id\":\"https:\/\/www.promine.com\/es\/#\/schema\/logo\/image\/\",\"url\":\"https:\/\/promine.com\/wp-content\/uploads\/2022\/06\/Promine_Solo_Original_PNG.png\",\"contentUrl\":\"https:\/\/promine.com\/wp-content\/uploads\/2022\/06\/Promine_Solo_Original_PNG.png\",\"width\":3576,\"height\":407,\"caption\":\"Promine\"},\"image\":{\"@id\":\"https:\/\/www.promine.com\/es\/#\/schema\/logo\/image\/\"},\"sameAs\":[\"https:\/\/www.facebook.com\/promineinc\/\"]}]}<\/script>\n<!-- \/ Yoast SEO plugin. -->","yoast_head_json":{"title":"T\u00e9rminos de Servicio - Promine","robots":{"index":"noindex","follow":"nofollow"},"og_locale":"es_ES","og_type":"article","og_title":"T\u00e9rminos de Servicio - Promine","og_description":"Condiciones de Uso y Pol\u00edtica de Privacidad Condiciones de uso Al usar este sitio, usted significa su aceptaci\u00f3n de esta pol\u00edtica. Si no est\u00e1 de acuerdo con esta pol\u00edtica, por favor no utilice nuestro sitio. Su uso continuado del sitio despu\u00e9s de la publicaci\u00f3n de cambios a esta pol\u00edtica se considerar\u00e1 su aceptaci\u00f3n de esos [&hellip;]","og_url":"https:\/\/promine.com\/es\/sobre-nosotros\/preguntas-frecuentes\/terminos-de-servicio\/","og_site_name":"Promine","article_publisher":"https:\/\/www.facebook.com\/promineinc\/","article_modified_time":"2022-07-21T19:28:08+00:00","twitter_card":"summary_large_image","twitter_misc":{"Tiempo de lectura":"2 minutos"},"schema":{"@context":"https:\/\/schema.org","@graph":[{"@type":"WebPage","@id":"https:\/\/promine.com\/es\/sobre-nosotros\/preguntas-frecuentes\/terminos-de-servicio\/","url":"https:\/\/promine.com\/es\/sobre-nosotros\/preguntas-frecuentes\/terminos-de-servicio\/","name":"T\u00e9rminos de Servicio - Promine","isPartOf":{"@id":"https:\/\/www.promine.com\/es\/#website"},"datePublished":"2022-07-06T02:26:24+00:00","dateModified":"2022-07-21T19:28:08+00:00","breadcrumb":{"@id":"https:\/\/promine.com\/es\/sobre-nosotros\/preguntas-frecuentes\/terminos-de-servicio\/#breadcrumb"},"inLanguage":"es","potentialAction":[{"@type":"ReadAction","target":["https:\/\/promine.com\/es\/sobre-nosotros\/preguntas-frecuentes\/terminos-de-servicio\/"]}]},{"@type":"BreadcrumbList","@id":"https:\/\/promine.com\/es\/sobre-nosotros\/preguntas-frecuentes\/terminos-de-servicio\/#breadcrumb","itemListElement":[{"@type":"ListItem","position":1,"name":"Home","item":"https:\/\/98.83.212.146\/es\/"},{"@type":"ListItem","position":2,"name":"Sobre Nosotros","item":"https:\/\/ec2-98-83-212-146.compute-1.amazonaws.com\/es\/sobre-nosotros\/"},{"@type":"ListItem","position":3,"name":"Preguntas Frecuentes","item":"https:\/\/ec2-98-83-212-146.compute-1.amazonaws.com\/es\/sobre-nosotros\/preguntas-frecuentes\/"},{"@type":"ListItem","position":4,"name":"T\u00e9rminos de Servicio"}]},{"@type":"WebSite","@id":"https:\/\/www.promine.com\/es\/#website","url":"https:\/\/www.promine.com\/es\/","name":"Promine","description":"Solutions for Everyday Mining","publisher":{"@id":"https:\/\/www.promine.com\/es\/#organization"},"potentialAction":[{"@type":"SearchAction","target":{"@type":"EntryPoint","urlTemplate":"https:\/\/www.promine.com\/es\/?s={search_term_string}"},"query-input":{"@type":"PropertyValueSpecification","valueRequired":true,"valueName":"search_term_string"}}],"inLanguage":"es"},{"@type":"Organization","@id":"https:\/\/www.promine.com\/es\/#organization","name":"Promine","url":"https:\/\/www.promine.com\/es\/","logo":{"@type":"ImageObject","inLanguage":"es","@id":"https:\/\/www.promine.com\/es\/#\/schema\/logo\/image\/","url":"https:\/\/promine.com\/wp-content\/uploads\/2022\/06\/Promine_Solo_Original_PNG.png","contentUrl":"https:\/\/promine.com\/wp-content\/uploads\/2022\/06\/Promine_Solo_Original_PNG.png","width":3576,"height":407,"caption":"Promine"},"image":{"@id":"https:\/\/www.promine.com\/es\/#\/schema\/logo\/image\/"},"sameAs":["https:\/\/www.facebook.com\/promineinc\/"]}]}},"_links":{"self":[{"href":"https:\/\/promine.com\/es\/wp-json\/wp\/v2\/pages\/2914","targetHints":{"allow":["GET"]}}],"collection":[{"href":"https:\/\/promine.com\/es\/wp-json\/wp\/v2\/pages"}],"about":[{"href":"https:\/\/promine.com\/es\/wp-json\/wp\/v2\/types\/page"}],"author":[{"embeddable":true,"href":"https:\/\/promine.com\/es\/wp-json\/wp\/v2\/users\/3"}],"replies":[{"embeddable":true,"href":"https:\/\/promine.com\/es\/wp-json\/wp\/v2\/comments?post=2914"}],"version-history":[{"count":4,"href":"https:\/\/promine.com\/es\/wp-json\/wp\/v2\/pages\/2914\/revisions"}],"predecessor-version":[{"id":2918,"href":"https:\/\/promine.com\/es\/wp-json\/wp\/v2\/pages\/2914\/revisions\/2918"}],"up":[{"embeddable":true,"href":"https:\/\/promine.com\/es\/wp-json\/wp\/v2\/pages\/2901"}],"wp:attachment":[{"href":"https:\/\/promine.com\/es\/wp-json\/wp\/v2\/media?parent=2914"}],"curies":[{"name":"wp","href":"https:\/\/api.w.org\/{rel}","templated":true}]}}