{"id":9402,"date":"2022-09-05T13:23:25","date_gmt":"2022-09-05T17:23:25","guid":{"rendered":"https:\/\/promine.com\/?page_id=9402"},"modified":"2023-04-03T15:39:24","modified_gmt":"2023-04-03T19:39:24","slug":"inscrivez-vous-ici-academique","status":"publish","type":"page","link":"https:\/\/www.promine.com\/fr\/a-propos\/academique\/inscrivez-vous-ici-academique\/","title":{"rendered":"Inscrivez-vous ici &#8211; Acad\u00e9mique"},"content":{"rendered":"\t\t<div data-elementor-type=\"wp-page\" data-elementor-id=\"9402\" class=\"elementor elementor-9402\" data-elementor-post-type=\"page\">\n\t\t\t\t\t\t<section class=\"elementor-section elementor-top-section elementor-element elementor-element-6a100620 elementor-section-items-stretch elementor-section-height-min-height elementor-section-boxed elementor-section-height-default\" data-id=\"6a100620\" data-element_type=\"section\" data-settings=\"{&quot;background_background&quot;:&quot;gradient&quot;}\">\n\t\t\t\t\t\t<div class=\"elementor-container elementor-column-gap-default\">\n\t\t\t\t\t<div class=\"elementor-column elementor-col-50 elementor-top-column elementor-element elementor-element-5197f934\" data-id=\"5197f934\" data-element_type=\"column\">\n\t\t\t<div class=\"elementor-widget-wrap elementor-element-populated\">\n\t\t\t\t\t\t<div class=\"elementor-element elementor-element-2c0c5c83 elementor-widget elementor-widget-heading\" data-id=\"2c0c5c83\" data-element_type=\"widget\" data-widget_type=\"heading.default\">\n\t\t\t\t<div class=\"elementor-widget-container\">\n\t\t\t\t\t<h1 class=\"elementor-heading-title elementor-size-default\">Inscrivez-vous Ici<\/h1>\t\t\t\t<\/div>\n\t\t\t\t<\/div>\n\t\t\t\t<div class=\"elementor-element elementor-element-645f4c92 elementor-widget elementor-widget-text-editor\" data-id=\"645f4c92\" data-element_type=\"widget\" data-widget_type=\"text-editor.default\">\n\t\t\t\t<div class=\"elementor-widget-container\">\n\t\t\t\t\t\t\t\t\t<div class=\"et_pb_column et_pb_column_3_5 et_pb_column_0 et_pb_css_mix_blend_mode_passthrough\"><div class=\"et_pb_module et_pb_text et_pb_text_0 et_pb_text_align_left et_pb_bg_layout_dark\"><div class=\"et_pb_text_inner\"><p>Pr\u00eat \u00e0 inscrire votre universit\u00e9 \u00e0 Promine ?<\/p><\/div><\/div><\/div>\t\t\t\t\t\t\t\t<\/div>\n\t\t\t\t<\/div>\n\t\t\t\t\t<\/div>\n\t\t<\/div>\n\t\t\t\t<div class=\"elementor-column elementor-col-50 elementor-top-column elementor-element elementor-element-5ba57949\" data-id=\"5ba57949\" data-element_type=\"column\">\n\t\t\t<div class=\"elementor-widget-wrap\">\n\t\t\t\t\t\t\t<\/div>\n\t\t<\/div>\n\t\t\t\t\t<\/div>\n\t\t<\/section>\n\t\t\t\t<section class=\"elementor-section elementor-top-section elementor-element elementor-element-7e86072f elementor-section-boxed elementor-section-height-default elementor-section-height-default\" data-id=\"7e86072f\" data-element_type=\"section\">\n\t\t\t\t\t\t<div class=\"elementor-container elementor-column-gap-default\">\n\t\t\t\t\t<div class=\"elementor-column elementor-col-100 elementor-top-column elementor-element elementor-element-138a2bd\" data-id=\"138a2bd\" data-element_type=\"column\">\n\t\t\t<div class=\"elementor-widget-wrap elementor-element-populated\">\n\t\t\t\t\t\t<div class=\"elementor-element elementor-element-1abf9a3e elementor-widget elementor-widget-text-editor\" data-id=\"1abf9a3e\" data-element_type=\"widget\" data-widget_type=\"text-editor.default\">\n\t\t\t\t<div class=\"elementor-widget-container\">\n\t\t\t\t\t\t\t\t\t<p>Suivez les \u00e9tapes ci-dessous pour installer Promine dans votre universit\u00e9 et b\u00e9n\u00e9ficier d\u2019un logiciel de mines et d\u2019arpentage facile \u00e0 utiliser !<\/p>\t\t\t\t\t\t\t\t<\/div>\n\t\t\t\t<\/div>\n\t\t\t\t<div class=\"elementor-element elementor-element-0204b9b elementor-widget elementor-widget-text-editor\" data-id=\"0204b9b\" data-element_type=\"widget\" data-widget_type=\"text-editor.default\">\n\t\t\t\t<div class=\"elementor-widget-container\">\n\t\t\t\t\t\t\t\t\t<ol><li>\u00c0 partir de la page\u00a0<a title=\"https:\/\/promine.com\/fr\/nous-contacter\/\" href=\"https:\/\/promine.com\/fr\/nous-contacter\/\" target=\"_blank\" rel=\"noreferrer noopener\">Contactez-nous<\/a>, s\u00e9lectionnez votre r\u00e9gion sur la carte du monde. Envoyez un courriel au responsable du compte qui appara\u00eet lorsque vous cliquez sur votre r\u00e9gion.<\/li><li>Le charg\u00e9 de compte vous enverra un contrat, dans lequel sont d\u00e9finis les termes entre Promine et votre universit\u00e9. Veuillez le lire attentivement.<\/li><li>Le contrat devra ensuite \u00eatre sign\u00e9 par l\u2019universit\u00e9, le chef d\u2019\u00e9tablissement ou le directeur.<\/li><li>Une fois le contrat sign\u00e9, le responsable du compte commencera le processus d\u2019installation de Promine dans votre universit\u00e9. Si Promine doit \u00eatre install\u00e9 sur un serveur, veuillez nous fournir les coordonn\u00e9es du d\u00e9partement informatique afin de garantir que l\u2019installation se d\u00e9roule correctement.<\/li><li>Une fois l\u2019installation termin\u00e9e, le professeur\/conf\u00e9rencier\/instructeur recevra des licences gratuites et 16 heures de formation en ligne gratuite.<\/li><li>Le professeur\/conf\u00e9rencier\/instructeur peut alors commencer \u00e0 enseigner Promine aux \u00e9tudiants.<\/li><li>Outre la fourniture de licences sur le serveur de l\u2019universit\u00e9, les \u00e9tudiants peuvent \u00e9galement demander une licence \u00e9tudiante personnelle en utilisant le formulaire :\u00a0<a title=\"https:\/\/promine.com\/fr\/services\/academique\/#\" href=\"https:\/\/promine.com\/fr\/services\/academique\/#\" target=\"_blank\" rel=\"noreferrer noopener\">Demande de licence acad\u00e9mique pour \u00e9tudiant<\/a>.<\/li><\/ol>\t\t\t\t\t\t\t\t<\/div>\n\t\t\t\t<\/div>\n\t\t\t\t\t<\/div>\n\t\t<\/div>\n\t\t\t\t\t<\/div>\n\t\t<\/section>\n\t\t<div class=\"elementor-element elementor-element-6546b11 e-flex e-con-boxed e-con e-parent\" data-id=\"6546b11\" data-element_type=\"container\">\n\t\t\t\t\t<div class=\"e-con-inner\">\n\t\t\t\t<div class=\"elementor-element elementor-element-cc31539 elementor-widget elementor-widget-template\" data-id=\"cc31539\" data-element_type=\"widget\" data-widget_type=\"template.default\">\n\t\t\t\t<div class=\"elementor-widget-container\">\n\t\t\t\t\t\t\t<div class=\"elementor-template\">\n\t\t\t\t\t<div data-elementor-type=\"section\" data-elementor-id=\"5620\" class=\"elementor elementor-5620\" data-elementor-post-type=\"elementor_library\">\n\t\t\t\t\t<section class=\"elementor-section elementor-top-section elementor-element elementor-element-24a94cb7 elementor-section-boxed elementor-section-height-default elementor-section-height-default\" data-id=\"24a94cb7\" data-element_type=\"section\" data-settings=\"{&quot;background_background&quot;:&quot;classic&quot;}\">\n\t\t\t\t\t\t<div class=\"elementor-container elementor-column-gap-default\">\n\t\t\t\t\t<div class=\"elementor-column elementor-col-100 elementor-top-column elementor-element elementor-element-65851151\" data-id=\"65851151\" data-element_type=\"column\" data-settings=\"{&quot;background_background&quot;:&quot;classic&quot;}\">\n\t\t\t<div class=\"elementor-widget-wrap elementor-element-populated\">\n\t\t\t\t\t\t<div class=\"elementor-element elementor-element-676c888c elementor-widget elementor-widget-text-editor\" data-id=\"676c888c\" data-element_type=\"widget\" data-widget_type=\"text-editor.default\">\n\t\t\t\t<div class=\"elementor-widget-container\">\n\t\t\t\t\t\t\t\t\t<p>S&rsquo;INSCRIRE<\/p>\t\t\t\t\t\t\t\t<\/div>\n\t\t\t\t<\/div>\n\t\t\t\t<div class=\"elementor-element elementor-element-1f4ca67f elementor-widget elementor-widget-text-editor\" data-id=\"1f4ca67f\" data-element_type=\"widget\" data-widget_type=\"text-editor.default\">\n\t\t\t\t<div class=\"elementor-widget-container\">\n\t\t\t\t\t\t\t\t\t<div class=\"et_pb_module et_pb_text et_pb_text_20 et_pb_text_align_center et_pb_bg_layout_light\"><div class=\"et_pb_text_inner\">Apprenez Promine gr\u00e2ce \u00e0 des \u00e9v\u00e9nements en direct !<\/div><\/div>\t\t\t\t\t\t\t\t<\/div>\n\t\t\t\t<\/div>\n\t\t\t\t<div class=\"elementor-element elementor-element-3a799eb1 elementor-align-center elementor-widget elementor-widget-button\" data-id=\"3a799eb1\" data-element_type=\"widget\" data-widget_type=\"button.default\">\n\t\t\t\t<div class=\"elementor-widget-container\">\n\t\t\t\t\t\t\t\t\t<div class=\"elementor-button-wrapper\">\n\t\t\t\t\t<a class=\"elementor-button elementor-button-link elementor-size-sm elementor-animation-shrink\" href=\"https:\/\/www.promine.com\/fr\/?page_id=5041\">\n\t\t\t\t\t\t<span class=\"elementor-button-content-wrapper\">\n\t\t\t\t\t\t\t\t\t<span class=\"elementor-button-text\">Voir le calendrier<\/span>\n\t\t\t\t\t<\/span>\n\t\t\t\t\t<\/a>\n\t\t\t\t<\/div>\n\t\t\t\t\t\t\t\t<\/div>\n\t\t\t\t<\/div>\n\t\t\t\t\t<\/div>\n\t\t<\/div>\n\t\t\t\t\t<\/div>\n\t\t<\/section>\n\t\t\t\t<\/div>\n\t\t\t\t<\/div>\n\t\t\t\t\t\t<\/div>\n\t\t\t\t<\/div>\n\t\t\t\t<div class=\"elementor-element elementor-element-06139bb elementor-widget elementor-widget-template\" data-id=\"06139bb\" data-element_type=\"widget\" data-widget_type=\"template.default\">\n\t\t\t\t<div class=\"elementor-widget-container\">\n\t\t\t\t\t\t\t<div class=\"elementor-template\">\n\t\t\t\t\t<div data-elementor-type=\"section\" data-elementor-id=\"5613\" class=\"elementor elementor-5613\" data-elementor-post-type=\"elementor_library\">\n\t\t\t\t\t<section class=\"elementor-section elementor-top-section elementor-element elementor-element-29998398 elementor-section-boxed elementor-section-height-default elementor-section-height-default\" data-id=\"29998398\" data-element_type=\"section\" data-settings=\"{&quot;background_background&quot;:&quot;classic&quot;}\">\n\t\t\t\t\t\t<div class=\"elementor-container elementor-column-gap-default\">\n\t\t\t\t\t<div class=\"elementor-column elementor-col-100 elementor-top-column elementor-element elementor-element-588744e6\" data-id=\"588744e6\" data-element_type=\"column\" data-settings=\"{&quot;background_background&quot;:&quot;classic&quot;}\">\n\t\t\t<div class=\"elementor-widget-wrap elementor-element-populated\">\n\t\t\t\t\t\t<div class=\"elementor-element elementor-element-51dfc229 elementor-widget elementor-widget-text-editor\" data-id=\"51dfc229\" data-element_type=\"widget\" data-widget_type=\"text-editor.default\">\n\t\t\t\t<div class=\"elementor-widget-container\">\n\t\t\t\t\t\t\t\t\t<p>NOUVELLES ET MISES \u00c0 JOUR<\/p>\t\t\t\t\t\t\t\t<\/div>\n\t\t\t\t<\/div>\n\t\t\t\t<div class=\"elementor-element elementor-element-4588fca2 elementor-widget elementor-widget-text-editor\" data-id=\"4588fca2\" data-element_type=\"widget\" data-widget_type=\"text-editor.default\">\n\t\t\t\t<div class=\"elementor-widget-container\">\n\t\t\t\t\t\t\t\t\t<div class=\"et_pb_module et_pb_text et_pb_text_20 et_pb_text_align_center et_pb_bg_layout_light\"><div class=\"et_pb_text_inner\"><p>S&rsquo;abonner \u00e0 notre newsletter<\/p><\/div><\/div>\t\t\t\t\t\t\t\t<\/div>\n\t\t\t\t<\/div>\n\t\t\t\t\t<\/div>\n\t\t<\/div>\n\t\t\t\t\t<\/div>\n\t\t<\/section>\n\t\t\t\t<\/div>\n\t\t\t\t<\/div>\n\t\t\t\t\t\t<\/div>\n\t\t\t\t<\/div>\n\t\t\t\t<div class=\"elementor-element elementor-element-b96a15f elementor-widget elementor-widget-template\" data-id=\"b96a15f\" data-element_type=\"widget\" data-widget_type=\"template.default\">\n\t\t\t\t<div class=\"elementor-widget-container\">\n\t\t\t\t\t\t\t<div class=\"elementor-template\">\n\t\t\t\t\t<div data-elementor-type=\"section\" data-elementor-id=\"5664\" class=\"elementor elementor-5664\" data-elementor-post-type=\"elementor_library\">\n\t\t\t\t\t<section class=\"elementor-section elementor-top-section elementor-element elementor-element-5f1bfe3d elementor-section-boxed elementor-section-height-default elementor-section-height-default\" data-id=\"5f1bfe3d\" data-element_type=\"section\">\n\t\t\t\t\t\t<div class=\"elementor-container elementor-column-gap-default\">\n\t\t\t\t\t<div class=\"elementor-column elementor-col-50 elementor-top-column elementor-element elementor-element-656ed840\" data-id=\"656ed840\" data-element_type=\"column\">\n\t\t\t<div class=\"elementor-widget-wrap elementor-element-populated\">\n\t\t\t\t\t\t<div class=\"elementor-element elementor-element-19600eeb elementor-widget elementor-widget-text-editor\" data-id=\"19600eeb\" data-element_type=\"widget\" data-widget_type=\"text-editor.default\">\n\t\t\t\t<div class=\"elementor-widget-container\">\n\t\t\t\t\t\t\t\t\t<p>N&rsquo;oubliez pas de nous suivre sur les m\u00e9dias sociaux pour rester au courant de toutes les nouvelles et de tous les \u00e9v\u00e9nements !<\/p>\t\t\t\t\t\t\t\t<\/div>\n\t\t\t\t<\/div>\n\t\t\t\t\t<\/div>\n\t\t<\/div>\n\t\t\t\t<div class=\"elementor-column elementor-col-50 elementor-top-column elementor-element elementor-element-11dc17e7\" data-id=\"11dc17e7\" data-element_type=\"column\">\n\t\t\t<div class=\"elementor-widget-wrap elementor-element-populated\">\n\t\t\t\t\t\t<div class=\"elementor-element elementor-element-3ceaef74 elementor-shape-circle e-grid-align-right e-grid-align-mobile-center elementor-grid-0 elementor-widget elementor-widget-social-icons\" data-id=\"3ceaef74\" data-element_type=\"widget\" data-widget_type=\"social-icons.default\">\n\t\t\t\t<div class=\"elementor-widget-container\">\n\t\t\t\t\t\t\t<div class=\"elementor-social-icons-wrapper elementor-grid\">\n\t\t\t\t\t\t\t<span class=\"elementor-grid-item\">\n\t\t\t\t\t<a class=\"elementor-icon elementor-social-icon elementor-social-icon-linkedin elementor-animation-shrink elementor-repeater-item-95cf72e\" href=\"https:\/\/www.linkedin.com\/company\/promineinc\/\" target=\"_blank\">\n\t\t\t\t\t\t<span class=\"elementor-screen-only\">Linkedin<\/span>\n\t\t\t\t\t\t<i class=\"fab fa-linkedin\"><\/i>\t\t\t\t\t<\/a>\n\t\t\t\t<\/span>\n\t\t\t\t\t\t\t<span class=\"elementor-grid-item\">\n\t\t\t\t\t<a class=\"elementor-icon elementor-social-icon elementor-social-icon-youtube elementor-animation-shrink elementor-repeater-item-b1f1177\" href=\"https:\/\/www.youtube.com\/c\/PromineInc\" target=\"_blank\">\n\t\t\t\t\t\t<span class=\"elementor-screen-only\">Youtube<\/span>\n\t\t\t\t\t\t<i class=\"fab fa-youtube\"><\/i>\t\t\t\t\t<\/a>\n\t\t\t\t<\/span>\n\t\t\t\t\t\t\t<span class=\"elementor-grid-item\">\n\t\t\t\t\t<a class=\"elementor-icon elementor-social-icon elementor-social-icon-facebook elementor-animation-shrink elementor-repeater-item-b517fa6\" href=\"https:\/\/www.facebook.com\/promineinc\/\" target=\"_blank\">\n\t\t\t\t\t\t<span class=\"elementor-screen-only\">Facebook<\/span>\n\t\t\t\t\t\t<i class=\"fab fa-facebook\"><\/i>\t\t\t\t\t<\/a>\n\t\t\t\t<\/span>\n\t\t\t\t\t\t\t<span class=\"elementor-grid-item\">\n\t\t\t\t\t<a class=\"elementor-icon elementor-social-icon elementor-social-icon-instagram elementor-animation-shrink elementor-repeater-item-801763c\" href=\"https:\/\/www.instagram.com\/prominelogiciel\/\" target=\"_blank\">\n\t\t\t\t\t\t<span class=\"elementor-screen-only\">Instagram<\/span>\n\t\t\t\t\t\t<i class=\"fab fa-instagram\"><\/i>\t\t\t\t\t<\/a>\n\t\t\t\t<\/span>\n\t\t\t\t\t<\/div>\n\t\t\t\t\t\t<\/div>\n\t\t\t\t<\/div>\n\t\t\t\t\t<\/div>\n\t\t<\/div>\n\t\t\t\t\t<\/div>\n\t\t<\/section>\n\t\t\t\t<\/div>\n\t\t\t\t<\/div>\n\t\t\t\t\t\t<\/div>\n\t\t\t\t<\/div>\n\t\t\t\t\t<\/div>\n\t\t\t\t<\/div>\n\t\t\t\t<\/div>\n\t\t","protected":false},"excerpt":{"rendered":"<p>Inscrivez-vous Ici Pr\u00eat \u00e0 inscrire votre universit\u00e9 \u00e0 Promine ? Suivez les \u00e9tapes ci-dessous pour installer Promine dans votre universit\u00e9 et b\u00e9n\u00e9ficier d\u2019un logiciel de mines et d\u2019arpentage facile \u00e0 utiliser ! \u00c0 partir de la page\u00a0Contactez-nous, s\u00e9lectionnez votre r\u00e9gion sur la carte du monde. Envoyez un courriel au responsable du compte qui appara\u00eet lorsque [&hellip;]<\/p>\n","protected":false},"author":3,"featured_media":0,"parent":9334,"menu_order":1,"comment_status":"closed","ping_status":"closed","template":"","meta":{"_acf_changed":false,"footnotes":""},"class_list":["post-9402","page","type-page","status-publish","hentry"],"acf":[],"yoast_head":"<!-- This site is optimized with the Yoast SEO plugin v24.0 - https:\/\/yoast.com\/wordpress\/plugins\/seo\/ -->\n<title>Inscrivez-vous ici - Acad\u00e9mique - Promine<\/title>\n<meta name=\"robots\" content=\"index, follow, max-snippet:-1, max-image-preview:large, max-video-preview:-1\" \/>\n<link rel=\"canonical\" href=\"https:\/\/www.promine.com\/fr\/a-propos\/academique\/inscrivez-vous-ici-academique\/\" \/>\n<meta property=\"og:locale\" content=\"fr_FR\" \/>\n<meta property=\"og:type\" content=\"article\" \/>\n<meta property=\"og:title\" content=\"Inscrivez-vous ici - Acad\u00e9mique - Promine\" \/>\n<meta property=\"og:description\" content=\"Inscrivez-vous Ici Pr\u00eat \u00e0 inscrire votre universit\u00e9 \u00e0 Promine ? Suivez les \u00e9tapes ci-dessous pour installer Promine dans votre universit\u00e9 et b\u00e9n\u00e9ficier d\u2019un logiciel de mines et d\u2019arpentage facile \u00e0 utiliser ! \u00c0 partir de la page\u00a0Contactez-nous, s\u00e9lectionnez votre r\u00e9gion sur la carte du monde. Envoyez un courriel au responsable du compte qui appara\u00eet lorsque [&hellip;]\" \/>\n<meta property=\"og:url\" content=\"https:\/\/www.promine.com\/fr\/a-propos\/academique\/inscrivez-vous-ici-academique\/\" \/>\n<meta property=\"og:site_name\" content=\"Promine\" \/>\n<meta property=\"article:publisher\" content=\"https:\/\/www.facebook.com\/promineinc\/\" \/>\n<meta property=\"article:modified_time\" content=\"2023-04-03T19:39:24+00:00\" \/>\n<meta name=\"twitter:card\" content=\"summary_large_image\" \/>\n<meta name=\"twitter:label1\" content=\"Dur\u00e9e de lecture estim\u00e9e\" \/>\n\t<meta name=\"twitter:data1\" content=\"1 minute\" \/>\n<script type=\"application\/ld+json\" class=\"yoast-schema-graph\">{\"@context\":\"https:\/\/schema.org\",\"@graph\":[{\"@type\":\"WebPage\",\"@id\":\"https:\/\/www.promine.com\/fr\/a-propos\/academique\/inscrivez-vous-ici-academique\/\",\"url\":\"https:\/\/www.promine.com\/fr\/a-propos\/academique\/inscrivez-vous-ici-academique\/\",\"name\":\"Inscrivez-vous ici - Acad\u00e9mique - Promine\",\"isPartOf\":{\"@id\":\"https:\/\/www.promine.com\/fr\/#website\"},\"datePublished\":\"2022-09-05T17:23:25+00:00\",\"dateModified\":\"2023-04-03T19:39:24+00:00\",\"breadcrumb\":{\"@id\":\"https:\/\/www.promine.com\/fr\/a-propos\/academique\/inscrivez-vous-ici-academique\/#breadcrumb\"},\"inLanguage\":\"fr-FR\",\"potentialAction\":[{\"@type\":\"ReadAction\",\"target\":[\"https:\/\/www.promine.com\/fr\/a-propos\/academique\/inscrivez-vous-ici-academique\/\"]}]},{\"@type\":\"BreadcrumbList\",\"@id\":\"https:\/\/www.promine.com\/fr\/a-propos\/academique\/inscrivez-vous-ici-academique\/#breadcrumb\",\"itemListElement\":[{\"@type\":\"ListItem\",\"position\":1,\"name\":\"Home\",\"item\":\"https:\/\/98.83.212.146\/fr\/\"},{\"@type\":\"ListItem\",\"position\":2,\"name\":\"\u00c0 propos\",\"item\":\"https:\/\/www.promine.com\/fr\/a-propos\/\"},{\"@type\":\"ListItem\",\"position\":3,\"name\":\"Acad\u00e9mique\",\"item\":\"https:\/\/ec2-98-83-212-146.compute-1.amazonaws.com\/fr\/a-propos\/academique\/\"},{\"@type\":\"ListItem\",\"position\":4,\"name\":\"Inscrivez-vous ici &#8211; Acad\u00e9mique\"}]},{\"@type\":\"WebSite\",\"@id\":\"https:\/\/www.promine.com\/fr\/#website\",\"url\":\"https:\/\/www.promine.com\/fr\/\",\"name\":\"Promine\",\"description\":\"Solutions for Everyday Mining\",\"publisher\":{\"@id\":\"https:\/\/www.promine.com\/fr\/#organization\"},\"potentialAction\":[{\"@type\":\"SearchAction\",\"target\":{\"@type\":\"EntryPoint\",\"urlTemplate\":\"https:\/\/www.promine.com\/fr\/?s={search_term_string}\"},\"query-input\":{\"@type\":\"PropertyValueSpecification\",\"valueRequired\":true,\"valueName\":\"search_term_string\"}}],\"inLanguage\":\"fr-FR\"},{\"@type\":\"Organization\",\"@id\":\"https:\/\/www.promine.com\/fr\/#organization\",\"name\":\"Promine\",\"url\":\"https:\/\/www.promine.com\/fr\/\",\"logo\":{\"@type\":\"ImageObject\",\"inLanguage\":\"fr-FR\",\"@id\":\"https:\/\/www.promine.com\/fr\/#\/schema\/logo\/image\/\",\"url\":\"https:\/\/www.promine.com\/wp-content\/uploads\/2022\/06\/Promine_Solo_Original_PNG.png\",\"contentUrl\":\"https:\/\/www.promine.com\/wp-content\/uploads\/2022\/06\/Promine_Solo_Original_PNG.png\",\"width\":3576,\"height\":407,\"caption\":\"Promine\"},\"image\":{\"@id\":\"https:\/\/www.promine.com\/fr\/#\/schema\/logo\/image\/\"},\"sameAs\":[\"https:\/\/www.facebook.com\/promineinc\/\"]}]}<\/script>\n<!-- \/ Yoast SEO plugin. -->","yoast_head_json":{"title":"Inscrivez-vous ici - Acad\u00e9mique - Promine","robots":{"index":"index","follow":"follow","max-snippet":"max-snippet:-1","max-image-preview":"max-image-preview:large","max-video-preview":"max-video-preview:-1"},"canonical":"https:\/\/www.promine.com\/fr\/a-propos\/academique\/inscrivez-vous-ici-academique\/","og_locale":"fr_FR","og_type":"article","og_title":"Inscrivez-vous ici - Acad\u00e9mique - Promine","og_description":"Inscrivez-vous Ici Pr\u00eat \u00e0 inscrire votre universit\u00e9 \u00e0 Promine ? Suivez les \u00e9tapes ci-dessous pour installer Promine dans votre universit\u00e9 et b\u00e9n\u00e9ficier d\u2019un logiciel de mines et d\u2019arpentage facile \u00e0 utiliser ! \u00c0 partir de la page\u00a0Contactez-nous, s\u00e9lectionnez votre r\u00e9gion sur la carte du monde. Envoyez un courriel au responsable du compte qui appara\u00eet lorsque [&hellip;]","og_url":"https:\/\/www.promine.com\/fr\/a-propos\/academique\/inscrivez-vous-ici-academique\/","og_site_name":"Promine","article_publisher":"https:\/\/www.facebook.com\/promineinc\/","article_modified_time":"2023-04-03T19:39:24+00:00","twitter_card":"summary_large_image","twitter_misc":{"Dur\u00e9e de lecture estim\u00e9e":"1 minute"},"schema":{"@context":"https:\/\/schema.org","@graph":[{"@type":"WebPage","@id":"https:\/\/www.promine.com\/fr\/a-propos\/academique\/inscrivez-vous-ici-academique\/","url":"https:\/\/www.promine.com\/fr\/a-propos\/academique\/inscrivez-vous-ici-academique\/","name":"Inscrivez-vous ici - Acad\u00e9mique - Promine","isPartOf":{"@id":"https:\/\/www.promine.com\/fr\/#website"},"datePublished":"2022-09-05T17:23:25+00:00","dateModified":"2023-04-03T19:39:24+00:00","breadcrumb":{"@id":"https:\/\/www.promine.com\/fr\/a-propos\/academique\/inscrivez-vous-ici-academique\/#breadcrumb"},"inLanguage":"fr-FR","potentialAction":[{"@type":"ReadAction","target":["https:\/\/www.promine.com\/fr\/a-propos\/academique\/inscrivez-vous-ici-academique\/"]}]},{"@type":"BreadcrumbList","@id":"https:\/\/www.promine.com\/fr\/a-propos\/academique\/inscrivez-vous-ici-academique\/#breadcrumb","itemListElement":[{"@type":"ListItem","position":1,"name":"Home","item":"https:\/\/98.83.212.146\/fr\/"},{"@type":"ListItem","position":2,"name":"\u00c0 propos","item":"https:\/\/www.promine.com\/fr\/a-propos\/"},{"@type":"ListItem","position":3,"name":"Acad\u00e9mique","item":"https:\/\/ec2-98-83-212-146.compute-1.amazonaws.com\/fr\/a-propos\/academique\/"},{"@type":"ListItem","position":4,"name":"Inscrivez-vous ici &#8211; Acad\u00e9mique"}]},{"@type":"WebSite","@id":"https:\/\/www.promine.com\/fr\/#website","url":"https:\/\/www.promine.com\/fr\/","name":"Promine","description":"Solutions for Everyday Mining","publisher":{"@id":"https:\/\/www.promine.com\/fr\/#organization"},"potentialAction":[{"@type":"SearchAction","target":{"@type":"EntryPoint","urlTemplate":"https:\/\/www.promine.com\/fr\/?s={search_term_string}"},"query-input":{"@type":"PropertyValueSpecification","valueRequired":true,"valueName":"search_term_string"}}],"inLanguage":"fr-FR"},{"@type":"Organization","@id":"https:\/\/www.promine.com\/fr\/#organization","name":"Promine","url":"https:\/\/www.promine.com\/fr\/","logo":{"@type":"ImageObject","inLanguage":"fr-FR","@id":"https:\/\/www.promine.com\/fr\/#\/schema\/logo\/image\/","url":"https:\/\/www.promine.com\/wp-content\/uploads\/2022\/06\/Promine_Solo_Original_PNG.png","contentUrl":"https:\/\/www.promine.com\/wp-content\/uploads\/2022\/06\/Promine_Solo_Original_PNG.png","width":3576,"height":407,"caption":"Promine"},"image":{"@id":"https:\/\/www.promine.com\/fr\/#\/schema\/logo\/image\/"},"sameAs":["https:\/\/www.facebook.com\/promineinc\/"]}]}},"_links":{"self":[{"href":"https:\/\/www.promine.com\/fr\/wp-json\/wp\/v2\/pages\/9402","targetHints":{"allow":["GET"]}}],"collection":[{"href":"https:\/\/www.promine.com\/fr\/wp-json\/wp\/v2\/pages"}],"about":[{"href":"https:\/\/www.promine.com\/fr\/wp-json\/wp\/v2\/types\/page"}],"author":[{"embeddable":true,"href":"https:\/\/www.promine.com\/fr\/wp-json\/wp\/v2\/users\/3"}],"replies":[{"embeddable":true,"href":"https:\/\/www.promine.com\/fr\/wp-json\/wp\/v2\/comments?post=9402"}],"version-history":[{"count":4,"href":"https:\/\/www.promine.com\/fr\/wp-json\/wp\/v2\/pages\/9402\/revisions"}],"predecessor-version":[{"id":9406,"href":"https:\/\/www.promine.com\/fr\/wp-json\/wp\/v2\/pages\/9402\/revisions\/9406"}],"up":[{"embeddable":true,"href":"https:\/\/www.promine.com\/fr\/wp-json\/wp\/v2\/pages\/9334"}],"wp:attachment":[{"href":"https:\/\/www.promine.com\/fr\/wp-json\/wp\/v2\/media?parent=9402"}],"curies":[{"name":"wp","href":"https:\/\/api.w.org\/{rel}","templated":true}]}}